{"id":790,"date":"2022-08-15T14:31:02","date_gmt":"2022-08-15T14:31:02","guid":{"rendered":"http:\/\/glampinglapalma.es\/?page_id=790"},"modified":"2024-01-11T12:15:46","modified_gmt":"2024-01-11T12:15:46","slug":"glamping-van-portada","status":"publish","type":"page","link":"https:\/\/glampinglapalma.es\/en\/glamping-van-portada\/","title":{"rendered":"Glamping Van"},"content":{"rendered":"<div style=\"height:47px\" aria-hidden=\"true\" class=\"wp-block-spacer\"><\/div>\n\n\n\n<p class=\"has-text-align-center has-medium-font-size\"><strong>La mejor forma de conectar con la maravillosa naturaleza de la isla bonita, aventura en plena libertad y sin horarios.<\/strong><\/p>\n\n\n\n<p><\/p>\n\n\n\n<p class=\"has-luminous-vivid-amber-color has-text-color has-medium-font-size\"><strong>EQUIPAMIENTO B\u00c1SICO<\/strong><\/p>\n\n\n\n<div class=\"wp-block-columns is-layout-flex wp-container-core-columns-is-layout-9d6595d7 wp-block-columns-is-layout-flex\">\n<div class=\"wp-block-column is-layout-flow wp-block-column-is-layout-flow\"><div class=\"wp-block-image\">\n<figure class=\"aligncenter size-full is-resized\"><img loading=\"lazy\" decoding=\"async\" width=\"100\" height=\"100\" src=\"http:\/\/glampinglapalma.es\/wp-content\/uploads\/2022\/08\/plazas-cama-100x100-1.png\" alt=\"\" class=\"wp-image-817\" style=\"width:65px;height:65px\" srcset=\"https:\/\/glampinglapalma.es\/wp-content\/uploads\/2022\/08\/plazas-cama-100x100-1.png 100w, https:\/\/glampinglapalma.es\/wp-content\/uploads\/2022\/08\/plazas-cama-100x100-1-12x12.png 12w\" sizes=\"auto, (max-width: 100px) 100vw, 100px\" \/><\/figure>\n<\/div>\n\n\n<p class=\"has-text-align-center\">2 Plazas  cama<\/p>\n<\/div>\n\n\n\n<div class=\"wp-block-column is-layout-flow wp-block-column-is-layout-flow\"><div class=\"wp-block-image\">\n<figure class=\"aligncenter size-full is-resized\"><img loading=\"lazy\" decoding=\"async\" width=\"100\" height=\"100\" src=\"http:\/\/glampinglapalma.es\/wp-content\/uploads\/2022\/08\/plazas-cinturon-100x100-1.png\" alt=\"\" class=\"wp-image-816\" style=\"width:60px;height:60px\" srcset=\"https:\/\/glampinglapalma.es\/wp-content\/uploads\/2022\/08\/plazas-cinturon-100x100-1.png 100w, https:\/\/glampinglapalma.es\/wp-content\/uploads\/2022\/08\/plazas-cinturon-100x100-1-12x12.png 12w\" sizes=\"auto, (max-width: 100px) 100vw, 100px\" \/><\/figure>\n<\/div>\n\n\n<p class=\"has-text-align-center\">2 Plazas cintur\u00f3n<\/p>\n<\/div>\n\n\n\n<div class=\"wp-block-column is-layout-flow wp-block-column-is-layout-flow\"><div class=\"wp-block-image\">\n<figure class=\"aligncenter size-full is-resized\"><img loading=\"lazy\" decoding=\"async\" width=\"100\" height=\"100\" src=\"http:\/\/glampinglapalma.es\/wp-content\/uploads\/2022\/08\/icono-cocina-completa-100x100-1.png\" alt=\"\" class=\"wp-image-818\" style=\"width:66px;height:66px\" srcset=\"https:\/\/glampinglapalma.es\/wp-content\/uploads\/2022\/08\/icono-cocina-completa-100x100-1.png 100w, https:\/\/glampinglapalma.es\/wp-content\/uploads\/2022\/08\/icono-cocina-completa-100x100-1-12x12.png 12w\" sizes=\"auto, (max-width: 100px) 100vw, 100px\" \/><\/figure>\n<\/div>\n\n\n<p class=\"has-text-align-center\">Cocina completa con menaje y kit de limpieza<\/p>\n<\/div>\n\n\n\n<div class=\"wp-block-column is-layout-flow wp-block-column-is-layout-flow\"><div class=\"wp-block-image\">\n<figure class=\"aligncenter size-full is-resized\"><img loading=\"lazy\" decoding=\"async\" width=\"172\" height=\"158\" src=\"http:\/\/glampinglapalma.es\/wp-content\/uploads\/2022\/08\/icono-bano-completo-100x100-OP.png\" alt=\"\" class=\"wp-image-825\" style=\"width:64px;height:64px\" srcset=\"https:\/\/glampinglapalma.es\/wp-content\/uploads\/2022\/08\/icono-bano-completo-100x100-OP.png 172w, https:\/\/glampinglapalma.es\/wp-content\/uploads\/2022\/08\/icono-bano-completo-100x100-OP-13x12.png 13w\" sizes=\"auto, (max-width: 172px) 100vw, 172px\" \/><\/figure>\n<\/div>\n\n\n<p class=\"has-text-align-center\">WC port\u00e1til, ducha exterior con agua caliente<\/p>\n<\/div>\n\n\n\n<div class=\"wp-block-column is-layout-flow wp-block-column-is-layout-flow\"><div class=\"wp-block-image\">\n<figure class=\"aligncenter size-full is-resized\"><img loading=\"lazy\" decoding=\"async\" width=\"100\" height=\"100\" src=\"http:\/\/glampinglapalma.es\/wp-content\/uploads\/2022\/08\/mesa-y-sillas-100x100-1.png\" alt=\"\" class=\"wp-image-821\" style=\"width:66px;height:66px\" srcset=\"https:\/\/glampinglapalma.es\/wp-content\/uploads\/2022\/08\/mesa-y-sillas-100x100-1.png 100w, https:\/\/glampinglapalma.es\/wp-content\/uploads\/2022\/08\/mesa-y-sillas-100x100-1-12x12.png 12w\" sizes=\"auto, (max-width: 100px) 100vw, 100px\" \/><\/figure>\n<\/div>\n\n\n<p class=\"has-text-align-center\">Mesa y sillas de exterior<\/p>\n<\/div>\n\n\n\n<div class=\"wp-block-column is-layout-flow wp-block-column-is-layout-flow\"><div class=\"wp-block-image\">\n<figure class=\"aligncenter size-full is-resized\"><img loading=\"lazy\" decoding=\"async\" width=\"100\" height=\"100\" src=\"http:\/\/glampinglapalma.es\/wp-content\/uploads\/2022\/08\/mapas-100x100-1.png\" alt=\"\" class=\"wp-image-822\" style=\"width:55px;height:55px\" srcset=\"https:\/\/glampinglapalma.es\/wp-content\/uploads\/2022\/08\/mapas-100x100-1.png 100w, https:\/\/glampinglapalma.es\/wp-content\/uploads\/2022\/08\/mapas-100x100-1-12x12.png 12w\" sizes=\"auto, (max-width: 100px) 100vw, 100px\" \/><\/figure>\n<\/div>\n\n\n<p class=\"has-text-align-center\">Mapas y recomendaciones locales<\/p>\n<\/div>\n<\/div>\n\n\n\n<figure class=\"wp-block-gallery has-nested-images columns-6 is-cropped wp-block-gallery-1 is-layout-flex wp-block-gallery-is-layout-flex\">\n<figure class=\"wp-block-image size-large\"><a href=\"https:\/\/glampinglapalma.es\/wp-content\/uploads\/2024\/01\/3f07f723-0f1a-4ba8-8394-6f85857044e6.jpg\"><img loading=\"lazy\" decoding=\"async\" width=\"577\" height=\"1024\" data-id=\"1065\" src=\"https:\/\/glampinglapalma.es\/wp-content\/uploads\/2024\/01\/3f07f723-0f1a-4ba8-8394-6f85857044e6-577x1024.jpg\" alt=\"\" class=\"wp-image-1065\" srcset=\"https:\/\/glampinglapalma.es\/wp-content\/uploads\/2024\/01\/3f07f723-0f1a-4ba8-8394-6f85857044e6-577x1024.jpg 577w, https:\/\/glampinglapalma.es\/wp-content\/uploads\/2024\/01\/3f07f723-0f1a-4ba8-8394-6f85857044e6-169x300.jpg 169w, https:\/\/glampinglapalma.es\/wp-content\/uploads\/2024\/01\/3f07f723-0f1a-4ba8-8394-6f85857044e6-768x1364.jpg 768w, https:\/\/glampinglapalma.es\/wp-content\/uploads\/2024\/01\/3f07f723-0f1a-4ba8-8394-6f85857044e6-865x1536.jpg 865w, https:\/\/glampinglapalma.es\/wp-content\/uploads\/2024\/01\/3f07f723-0f1a-4ba8-8394-6f85857044e6-7x12.jpg 7w, https:\/\/glampinglapalma.es\/wp-content\/uploads\/2024\/01\/3f07f723-0f1a-4ba8-8394-6f85857044e6.jpg 901w\" sizes=\"auto, (max-width: 577px) 100vw, 577px\" \/><\/a><\/figure>\n\n\n\n<figure class=\"wp-block-image size-full\"><a href=\"https:\/\/glampinglapalma.es\/wp-content\/uploads\/2024\/01\/c7c54168-89f9-42ae-9d4b-1dcf12c26f04.jpg\"><img loading=\"lazy\" decoding=\"async\" width=\"768\" height=\"1024\" data-id=\"1064\" src=\"https:\/\/glampinglapalma.es\/wp-content\/uploads\/2024\/01\/c7c54168-89f9-42ae-9d4b-1dcf12c26f04.jpg\" alt=\"\" class=\"wp-image-1064\" srcset=\"https:\/\/glampinglapalma.es\/wp-content\/uploads\/2024\/01\/c7c54168-89f9-42ae-9d4b-1dcf12c26f04.jpg 768w, https:\/\/glampinglapalma.es\/wp-content\/uploads\/2024\/01\/c7c54168-89f9-42ae-9d4b-1dcf12c26f04-225x300.jpg 225w, https:\/\/glampinglapalma.es\/wp-content\/uploads\/2024\/01\/c7c54168-89f9-42ae-9d4b-1dcf12c26f04-9x12.jpg 9w\" sizes=\"auto, (max-width: 767px) 89vw, (max-width: 1000px) 54vw, (max-width: 1071px) 543px, 580px\" \/><\/a><\/figure>\n\n\n\n<figure class=\"wp-block-image size-large\"><a href=\"http:\/\/glampinglapalma.es\/wp-content\/uploads\/2022\/08\/c0dd5210-a2ab-4cbd-bfec-efb638643f06.jpg\"><img loading=\"lazy\" decoding=\"async\" width=\"1200\" height=\"1600\" data-id=\"787\" src=\"http:\/\/glampinglapalma.es\/wp-content\/uploads\/2022\/08\/c0dd5210-a2ab-4cbd-bfec-efb638643f06.jpg\" alt=\"\" class=\"wp-image-787\" srcset=\"https:\/\/glampinglapalma.es\/wp-content\/uploads\/2022\/08\/c0dd5210-a2ab-4cbd-bfec-efb638643f06.jpg 1200w, https:\/\/glampinglapalma.es\/wp-content\/uploads\/2022\/08\/c0dd5210-a2ab-4cbd-bfec-efb638643f06-225x300.jpg 225w, https:\/\/glampinglapalma.es\/wp-content\/uploads\/2022\/08\/c0dd5210-a2ab-4cbd-bfec-efb638643f06-768x1024.jpg 768w, https:\/\/glampinglapalma.es\/wp-content\/uploads\/2022\/08\/c0dd5210-a2ab-4cbd-bfec-efb638643f06-1152x1536.jpg 1152w, https:\/\/glampinglapalma.es\/wp-content\/uploads\/2022\/08\/c0dd5210-a2ab-4cbd-bfec-efb638643f06-9x12.jpg 9w\" sizes=\"auto, (max-width: 767px) 89vw, (max-width: 1000px) 54vw, (max-width: 1071px) 543px, 580px\" \/><\/a><\/figure>\n\n\n\n<figure class=\"wp-block-image size-large\"><a href=\"http:\/\/glampinglapalma.es\/wp-content\/uploads\/2022\/08\/90ba2ad0-c9a4-4398-a9a3-f247eb52bac7.jpg\"><img loading=\"lazy\" decoding=\"async\" width=\"1200\" height=\"1600\" data-id=\"782\" src=\"http:\/\/glampinglapalma.es\/wp-content\/uploads\/2022\/08\/90ba2ad0-c9a4-4398-a9a3-f247eb52bac7.jpg\" alt=\"\" class=\"wp-image-782\" srcset=\"https:\/\/glampinglapalma.es\/wp-content\/uploads\/2022\/08\/90ba2ad0-c9a4-4398-a9a3-f247eb52bac7.jpg 1200w, https:\/\/glampinglapalma.es\/wp-content\/uploads\/2022\/08\/90ba2ad0-c9a4-4398-a9a3-f247eb52bac7-225x300.jpg 225w, https:\/\/glampinglapalma.es\/wp-content\/uploads\/2022\/08\/90ba2ad0-c9a4-4398-a9a3-f247eb52bac7-768x1024.jpg 768w, https:\/\/glampinglapalma.es\/wp-content\/uploads\/2022\/08\/90ba2ad0-c9a4-4398-a9a3-f247eb52bac7-1152x1536.jpg 1152w, https:\/\/glampinglapalma.es\/wp-content\/uploads\/2022\/08\/90ba2ad0-c9a4-4398-a9a3-f247eb52bac7-9x12.jpg 9w\" sizes=\"auto, (max-width: 767px) 89vw, (max-width: 1000px) 54vw, (max-width: 1071px) 543px, 580px\" \/><\/a><\/figure>\n\n\n\n<figure class=\"wp-block-image size-large\"><a href=\"http:\/\/glampinglapalma.es\/wp-content\/uploads\/2022\/08\/575f22b8-0c1e-4444-85d9-3940549d41f1.jpg\"><img loading=\"lazy\" decoding=\"async\" width=\"901\" height=\"1600\" data-id=\"784\" src=\"http:\/\/glampinglapalma.es\/wp-content\/uploads\/2022\/08\/575f22b8-0c1e-4444-85d9-3940549d41f1.jpg\" alt=\"\" class=\"wp-image-784\" srcset=\"https:\/\/glampinglapalma.es\/wp-content\/uploads\/2022\/08\/575f22b8-0c1e-4444-85d9-3940549d41f1.jpg 901w, https:\/\/glampinglapalma.es\/wp-content\/uploads\/2022\/08\/575f22b8-0c1e-4444-85d9-3940549d41f1-169x300.jpg 169w, https:\/\/glampinglapalma.es\/wp-content\/uploads\/2022\/08\/575f22b8-0c1e-4444-85d9-3940549d41f1-577x1024.jpg 577w, https:\/\/glampinglapalma.es\/wp-content\/uploads\/2022\/08\/575f22b8-0c1e-4444-85d9-3940549d41f1-768x1364.jpg 768w, https:\/\/glampinglapalma.es\/wp-content\/uploads\/2022\/08\/575f22b8-0c1e-4444-85d9-3940549d41f1-865x1536.jpg 865w, https:\/\/glampinglapalma.es\/wp-content\/uploads\/2022\/08\/575f22b8-0c1e-4444-85d9-3940549d41f1-7x12.jpg 7w\" sizes=\"auto, (max-width: 767px) 89vw, (max-width: 1000px) 54vw, (max-width: 1071px) 543px, 580px\" \/><\/a><\/figure>\n\n\n\n<figure class=\"wp-block-image size-large\"><a href=\"http:\/\/glampinglapalma.es\/wp-content\/uploads\/2022\/08\/387967f1-3fda-4cfb-9ae6-fe16957f88b6.jpg\"><img loading=\"lazy\" decoding=\"async\" width=\"899\" height=\"1600\" data-id=\"785\" src=\"http:\/\/glampinglapalma.es\/wp-content\/uploads\/2022\/08\/387967f1-3fda-4cfb-9ae6-fe16957f88b6.jpg\" alt=\"\" class=\"wp-image-785\" srcset=\"https:\/\/glampinglapalma.es\/wp-content\/uploads\/2022\/08\/387967f1-3fda-4cfb-9ae6-fe16957f88b6.jpg 899w, https:\/\/glampinglapalma.es\/wp-content\/uploads\/2022\/08\/387967f1-3fda-4cfb-9ae6-fe16957f88b6-169x300.jpg 169w, https:\/\/glampinglapalma.es\/wp-content\/uploads\/2022\/08\/387967f1-3fda-4cfb-9ae6-fe16957f88b6-575x1024.jpg 575w, https:\/\/glampinglapalma.es\/wp-content\/uploads\/2022\/08\/387967f1-3fda-4cfb-9ae6-fe16957f88b6-768x1367.jpg 768w, https:\/\/glampinglapalma.es\/wp-content\/uploads\/2022\/08\/387967f1-3fda-4cfb-9ae6-fe16957f88b6-863x1536.jpg 863w, https:\/\/glampinglapalma.es\/wp-content\/uploads\/2022\/08\/387967f1-3fda-4cfb-9ae6-fe16957f88b6-7x12.jpg 7w\" sizes=\"auto, (max-width: 767px) 89vw, (max-width: 1000px) 54vw, (max-width: 1071px) 543px, 580px\" \/><\/a><\/figure>\n\n\n\n<figure class=\"wp-block-image size-large is-style-default\"><a href=\"http:\/\/glampinglapalma.es\/wp-content\/uploads\/2022\/08\/IMG_20220814_173248-scaled.jpg\"><img loading=\"lazy\" decoding=\"async\" width=\"1439\" height=\"2560\" data-id=\"877\" src=\"http:\/\/glampinglapalma.es\/wp-content\/uploads\/2022\/08\/IMG_20220814_173248-scaled.jpg\" alt=\"\" class=\"wp-image-877\" srcset=\"https:\/\/glampinglapalma.es\/wp-content\/uploads\/2022\/08\/IMG_20220814_173248-scaled.jpg 1439w, https:\/\/glampinglapalma.es\/wp-content\/uploads\/2022\/08\/IMG_20220814_173248-169x300.jpg 169w, https:\/\/glampinglapalma.es\/wp-content\/uploads\/2022\/08\/IMG_20220814_173248-576x1024.jpg 576w, https:\/\/glampinglapalma.es\/wp-content\/uploads\/2022\/08\/IMG_20220814_173248-768x1366.jpg 768w, https:\/\/glampinglapalma.es\/wp-content\/uploads\/2022\/08\/IMG_20220814_173248-864x1536.jpg 864w, https:\/\/glampinglapalma.es\/wp-content\/uploads\/2022\/08\/IMG_20220814_173248-1152x2048.jpg 1152w, https:\/\/glampinglapalma.es\/wp-content\/uploads\/2022\/08\/IMG_20220814_173248-7x12.jpg 7w\" sizes=\"auto, (max-width: 767px) 89vw, (max-width: 1000px) 54vw, (max-width: 1071px) 543px, 580px\" \/><\/a><\/figure>\n\n\n\n<figure class=\"wp-block-image size-large is-style-default\"><a href=\"http:\/\/glampinglapalma.es\/wp-content\/uploads\/2022\/08\/IMG_20220814_172603-scaled.jpg\"><img loading=\"lazy\" decoding=\"async\" width=\"1443\" height=\"2560\" data-id=\"879\" src=\"http:\/\/glampinglapalma.es\/wp-content\/uploads\/2022\/08\/IMG_20220814_172603-scaled.jpg\" alt=\"\" class=\"wp-image-879\" srcset=\"https:\/\/glampinglapalma.es\/wp-content\/uploads\/2022\/08\/IMG_20220814_172603-scaled.jpg 1443w, https:\/\/glampinglapalma.es\/wp-content\/uploads\/2022\/08\/IMG_20220814_172603-169x300.jpg 169w, https:\/\/glampinglapalma.es\/wp-content\/uploads\/2022\/08\/IMG_20220814_172603-577x1024.jpg 577w, https:\/\/glampinglapalma.es\/wp-content\/uploads\/2022\/08\/IMG_20220814_172603-768x1362.jpg 768w, https:\/\/glampinglapalma.es\/wp-content\/uploads\/2022\/08\/IMG_20220814_172603-866x1536.jpg 866w, https:\/\/glampinglapalma.es\/wp-content\/uploads\/2022\/08\/IMG_20220814_172603-1155x2048.jpg 1155w, https:\/\/glampinglapalma.es\/wp-content\/uploads\/2022\/08\/IMG_20220814_172603-7x12.jpg 7w\" sizes=\"auto, (max-width: 767px) 89vw, (max-width: 1000px) 54vw, (max-width: 1071px) 543px, 580px\" \/><\/a><\/figure>\n\n\n\n<figure class=\"wp-block-image size-large is-style-default\"><a href=\"http:\/\/glampinglapalma.es\/wp-content\/uploads\/2022\/08\/IMG_20220814_174407-scaled.jpg\"><img loading=\"lazy\" decoding=\"async\" width=\"1443\" height=\"2560\" data-id=\"876\" src=\"http:\/\/glampinglapalma.es\/wp-content\/uploads\/2022\/08\/IMG_20220814_174407-scaled.jpg\" alt=\"\" class=\"wp-image-876\" srcset=\"https:\/\/glampinglapalma.es\/wp-content\/uploads\/2022\/08\/IMG_20220814_174407-scaled.jpg 1443w, https:\/\/glampinglapalma.es\/wp-content\/uploads\/2022\/08\/IMG_20220814_174407-169x300.jpg 169w, https:\/\/glampinglapalma.es\/wp-content\/uploads\/2022\/08\/IMG_20220814_174407-577x1024.jpg 577w, https:\/\/glampinglapalma.es\/wp-content\/uploads\/2022\/08\/IMG_20220814_174407-768x1362.jpg 768w, https:\/\/glampinglapalma.es\/wp-content\/uploads\/2022\/08\/IMG_20220814_174407-866x1536.jpg 866w, https:\/\/glampinglapalma.es\/wp-content\/uploads\/2022\/08\/IMG_20220814_174407-1155x2048.jpg 1155w, https:\/\/glampinglapalma.es\/wp-content\/uploads\/2022\/08\/IMG_20220814_174407-7x12.jpg 7w\" sizes=\"auto, (max-width: 767px) 89vw, (max-width: 1000px) 54vw, (max-width: 1071px) 543px, 580px\" \/><\/a><\/figure>\n<\/figure>\n\n\n\n<div class=\"wp-block-buttons is-content-justification-right is-layout-flex wp-container-core-buttons-is-layout-765c4724 wp-block-buttons-is-layout-flex\">\n<div class=\"wp-block-button is-style-outline alignright is-style-outline--2\"><a class=\"wp-block-button__link has-luminous-vivid-amber-color has-text-color wp-element-button\" href=\"https:\/\/glampinglapalma.es\/en\/glamping-van-detalle\/\">Ver equipamiento completo y m\u00e1s fotos<\/a><\/div>\n<\/div>\n\n\n\n<div class=\"wp-block-buttons is-content-justification-center is-layout-flex wp-container-core-buttons-is-layout-16018d1d wp-block-buttons-is-layout-flex\">\n<div class=\"wp-block-button has-custom-font-size is-style-fill\" style=\"font-size:16px\"><a class=\"wp-block-button__link has-white-color has-luminous-vivid-amber-background-color has-text-color has-background wp-element-button\" href=\"https:\/\/glampinglapalma.es\/en\/reservar-glamping-van\/\">RESERVAR GLAMPLING VAN<\/a><\/div>\n<\/div>\n\n\n\n<div style=\"height:49px\" aria-hidden=\"true\" class=\"wp-block-spacer\"><\/div>","protected":false},"excerpt":{"rendered":"<p>La mejor forma de conectar con la maravillosa naturaleza de la isla bonita, aventura en plena libertad y sin horarios. EQUIPAMIENTO B\u00c1SICO 2 Plazas cama 2 Plazas cintur\u00f3n Cocina completa con menaje y kit de limpieza WC port\u00e1til, ducha exterior con agua caliente Mesa y sillas de exterior Mapas y recomendaciones locales<\/p>","protected":false},"author":1,"featured_media":809,"parent":0,"menu_order":0,"comment_status":"closed","ping_status":"closed","template":"","meta":{"footnotes":""},"class_list":["post-790","page","type-page","status-publish","has-post-thumbnail","hentry"],"_links":{"self":[{"href":"https:\/\/glampinglapalma.es\/en\/wp-json\/wp\/v2\/pages\/790","targetHints":{"allow":["GET"]}}],"collection":[{"href":"https:\/\/glampinglapalma.es\/en\/wp-json\/wp\/v2\/pages"}],"about":[{"href":"https:\/\/glampinglapalma.es\/en\/wp-json\/wp\/v2\/types\/page"}],"author":[{"embeddable":true,"href":"https:\/\/glampinglapalma.es\/en\/wp-json\/wp\/v2\/users\/1"}],"replies":[{"embeddable":true,"href":"https:\/\/glampinglapalma.es\/en\/wp-json\/wp\/v2\/comments?post=790"}],"version-history":[{"count":38,"href":"https:\/\/glampinglapalma.es\/en\/wp-json\/wp\/v2\/pages\/790\/revisions"}],"predecessor-version":[{"id":1066,"href":"https:\/\/glampinglapalma.es\/en\/wp-json\/wp\/v2\/pages\/790\/revisions\/1066"}],"wp:featuredmedia":[{"embeddable":true,"href":"https:\/\/glampinglapalma.es\/en\/wp-json\/wp\/v2\/media\/809"}],"wp:attachment":[{"href":"https:\/\/glampinglapalma.es\/en\/wp-json\/wp\/v2\/media?parent=790"}],"curies":[{"name":"wp","href":"https:\/\/api.w.org\/{rel}","templated":true}]}}