{"id":6,"date":"2019-12-15T21:07:26","date_gmt":"2019-12-15T21:07:26","guid":{"rendered":"http:\/\/glampinglapalma.com\/?page_id=6"},"modified":"2022-08-15T15:54:12","modified_gmt":"2022-08-15T15:54:12","slug":"el-nuevo-umoma-abre-sus-puertas-2","status":"publish","type":"page","link":"https:\/\/glampinglapalma.es\/en\/","title":{"rendered":"HOME"},"content":{"rendered":"<div style=\"height:47px\" aria-hidden=\"true\" class=\"wp-block-spacer\"><\/div>\n\n\n\n<p class=\"has-text-align-center has-medium-font-size\"><strong>Glamping La Palma, donde vivir\u00e1s una experiencia \u00fanica en  perfecta armon\u00eda con la naturaleza.<\/strong><\/p>\n\n\n\n<p class=\"has-text-align-center\" style=\"font-size:17px\">Exclusividad, tranquilidad y ambiente c\u00e1lido. Ideal para parejas y aventureros. <\/p>\n\n\n\n<div style=\"height:20px\" aria-hidden=\"true\" class=\"wp-block-spacer\"><\/div>\n\n\n\n<div class=\"wp-block-columns is-layout-flex wp-container-core-columns-is-layout-9d6595d7 wp-block-columns-is-layout-flex\">\n<div class=\"wp-block-column is-layout-flow wp-block-column-is-layout-flow\" style=\"flex-basis:33.33%\">\n<p class=\"has-text-align-center\"><strong>Nuestros clientes opinan:<\/strong> <\/p>\n\n\n\n<div class=\"wp-block-image\"><figure class=\"aligncenter size-large is-resized\"><img loading=\"lazy\" decoding=\"async\" src=\"http:\/\/casasani.com\/wp-content\/uploads\/2020\/06\/iconovaloracionesclientes.jpg\" alt=\"\" class=\"wp-image-610\" width=\"129\" height=\"69\" srcset=\"https:\/\/glampinglapalma.es\/wp-content\/uploads\/2020\/06\/iconovaloracionesclientes.jpg 500w, https:\/\/glampinglapalma.es\/wp-content\/uploads\/2020\/06\/iconovaloracionesclientes-300x163.jpg 300w\" sizes=\"auto, (max-width: 129px) 100vw, 129px\" \/><\/figure><\/div>\n<\/div>\n\n\n\n<div class=\"wp-block-column is-layout-flow wp-block-column-is-layout-flow\" style=\"flex-basis:66.66%\">\n<div id=\"metaslider-id-589\" style=\"width: 100%;\" class=\"ml-slider-3-60-1 metaslider metaslider-flex metaslider-589 ml-slider ms-theme-simply-dark has-dots-nav\" role=\"region\" aria-roledescription=\"Slideshow\" aria-label=\"Nueva presentaci\u00f3n de diapositivas\">\n    <div id=\"metaslider_container_589\">\n        <div id=\"metaslider_589\">\n            <ul aria-live=\"polite\" class=\"slides\">\n                <li style=\"display: block; width: 100%;\" class=\"slide-683 ms-image\" aria-roledescription=\"slide\" aria-label=\"slide-683\"><a href=\"https:\/\/www.airbnb.es\/users\/show\/22410642\" target=\"_blank\"><img loading=\"lazy\" decoding=\"async\" src=\"https:\/\/glampinglapalma.es\/wp-content\/uploads\/2021\/02\/valoracion-jesus1-713x187.png\" height=\"250\" width=\"950\" alt=\"\" class=\"slider-589 slide-683\" title=\"valoracion jesus1\" \/><\/a><\/li>\n                <li style=\"display: none; width: 100%;\" class=\"slide-679 ms-image\" aria-roledescription=\"slide\" aria-label=\"slide-679\"><a href=\"https:\/\/www.airbnb.es\/users\/show\/22410642\" target=\"_blank\"><img loading=\"lazy\" decoding=\"async\" src=\"https:\/\/glampinglapalma.es\/wp-content\/uploads\/2021\/02\/valoracion-paulina-733x192.jpg\" height=\"250\" width=\"950\" alt=\"\" class=\"slider-589 slide-679\" title=\"valoracion paulina\" \/><\/a><\/li>\n                <li style=\"display: none; width: 100%;\" class=\"slide-597 ms-image\" aria-roledescription=\"slide\" aria-label=\"slide-597\"><a href=\"https:\/\/www.airbnb.es\/users\/show\/22410642\" target=\"_blank\"><img loading=\"lazy\" decoding=\"async\" src=\"https:\/\/glampinglapalma.es\/wp-content\/uploads\/2020\/06\/valoracionairbnbdomosani3-773x203.jpg\" height=\"250\" width=\"950\" alt=\"\" class=\"slider-589 slide-597\" title=\"valoracionairbnbdomosani3\" \/><\/a><\/li>\n                <li style=\"display: none; width: 100%;\" class=\"slide-598 ms-image\" aria-roledescription=\"slide\" aria-label=\"slide-598\"><a href=\"https:\/\/www.airbnb.es\/users\/show\/22410642\" target=\"_blank\"><img loading=\"lazy\" decoding=\"async\" src=\"https:\/\/glampinglapalma.es\/wp-content\/uploads\/2020\/06\/valoracionairbnbcasasani1-815x214.jpg\" height=\"250\" width=\"950\" alt=\"\" class=\"slider-589 slide-598\" title=\"valoracionairbnbcasasani1\" \/><\/a><\/li>\n                <li style=\"display: none; width: 100%;\" class=\"slide-599 ms-image\" aria-roledescription=\"slide\" aria-label=\"slide-599\"><a href=\"https:\/\/www.airbnb.es\/users\/show\/22410642\" target=\"_blank\"><img loading=\"lazy\" decoding=\"async\" src=\"https:\/\/glampinglapalma.es\/wp-content\/uploads\/2020\/06\/valoracionairbnbcasasani2-792x208.jpg\" height=\"250\" width=\"950\" alt=\"\" class=\"slider-589 slide-599\" title=\"valoracionairbnbcasasani2\" \/><\/a><\/li>\n                <li style=\"display: none; width: 100%;\" class=\"slide-600 ms-image\" aria-roledescription=\"slide\" aria-label=\"slide-600\"><a href=\"https:\/\/www.airbnb.es\/users\/show\/22410642\" target=\"_blank\"><img loading=\"lazy\" decoding=\"async\" src=\"https:\/\/glampinglapalma.es\/wp-content\/uploads\/2020\/06\/valoracionairbnbcasasani3-747x196.jpg\" height=\"250\" width=\"950\" alt=\"\" class=\"slider-589 slide-600\" title=\"valoracionairbnbcasasani3\" \/><\/a><\/li>\n                <li style=\"display: none; width: 100%;\" class=\"slide-601 ms-image\" aria-roledescription=\"slide\" aria-label=\"slide-601\"><a href=\"https:\/\/www.airbnb.es\/users\/show\/22410642\" target=\"_blank\"><img loading=\"lazy\" decoding=\"async\" src=\"https:\/\/glampinglapalma.es\/wp-content\/uploads\/2020\/06\/valoracionairbnbdomosani1-782x206.jpg\" height=\"250\" width=\"950\" alt=\"\" class=\"slider-589 slide-601\" title=\"valoracionairbnbdomosani1\" \/><\/a><\/li>\n            <\/ul>\n        <\/div>\n        \n    <\/div>\n<\/div>\n<\/div>\n<\/div>","protected":false},"excerpt":{"rendered":"<p>Glamping La Palma, donde vivir\u00e1s una experiencia \u00fanica en perfecta armon\u00eda con la naturaleza. Exclusividad, tranquilidad y ambiente c\u00e1lido. Ideal para parejas y aventureros. Nuestros clientes opinan:<\/p>","protected":false},"author":1,"featured_media":0,"parent":0,"menu_order":0,"comment_status":"closed","ping_status":"closed","template":"template-full-width.php","meta":{"footnotes":""},"class_list":["post-6","page","type-page","status-publish","hentry"],"_links":{"self":[{"href":"https:\/\/glampinglapalma.es\/en\/wp-json\/wp\/v2\/pages\/6","targetHints":{"allow":["GET"]}}],"collection":[{"href":"https:\/\/glampinglapalma.es\/en\/wp-json\/wp\/v2\/pages"}],"about":[{"href":"https:\/\/glampinglapalma.es\/en\/wp-json\/wp\/v2\/types\/page"}],"author":[{"embeddable":true,"href":"https:\/\/glampinglapalma.es\/en\/wp-json\/wp\/v2\/users\/1"}],"replies":[{"embeddable":true,"href":"https:\/\/glampinglapalma.es\/en\/wp-json\/wp\/v2\/comments?post=6"}],"version-history":[{"count":48,"href":"https:\/\/glampinglapalma.es\/en\/wp-json\/wp\/v2\/pages\/6\/revisions"}],"predecessor-version":[{"id":944,"href":"https:\/\/glampinglapalma.es\/en\/wp-json\/wp\/v2\/pages\/6\/revisions\/944"}],"wp:attachment":[{"href":"https:\/\/glampinglapalma.es\/en\/wp-json\/wp\/v2\/media?parent=6"}],"curies":[{"name":"wp","href":"https:\/\/api.w.org\/{rel}","templated":true}]}}