{"id":839,"date":"2022-08-15T14:34:14","date_gmt":"2022-08-15T14:34:14","guid":{"rendered":"http:\/\/glampinglapalma.es\/?page_id=839"},"modified":"2024-01-11T12:23:52","modified_gmt":"2024-01-11T12:23:52","slug":"glamping-van-detalle","status":"publish","type":"page","link":"http:\/\/glampinglapalma.es\/en\/glamping-van-detalle\/","title":{"rendered":"GLAMPING VAN"},"content":{"rendered":"<div class=\"wp-block-columns is-layout-flex wp-container-core-columns-is-layout-9d6595d7 wp-block-columns-is-layout-flex\">\n<div class=\"wp-block-column is-layout-flow wp-block-column-is-layout-flow\">\n<p class=\"has-luminous-vivid-amber-color has-text-color\"><strong>EQUIPAMIENTO<\/strong><\/p>\n\n\n\n<p><strong>Peugeot Boxer<\/strong> 2.2 I L2 H2 con cocina completa, fregadero, cocina gas port\u00e1til, nevera, cama de 130&#215;180, s\u00e1banas, toallas, WC port\u00e1til, ducha exterior con agua caliente. <\/p>\n\n\n\n<p>Placa solar, tomas de enchufe a 220V,  tomas de USB, luces led, TV y Wifi. <\/p>\n\n\n\n<p>Adem\u00e1s nuestra <strong>Van<\/strong> cuenta con kit exterior ( mesa, sillas, sombrilla) y kit para mascota.<\/p>\n\n\n\n<p>Dep\u00f3sitos de aguas limpias y grises.<\/p>\n\n\n\n<p class=\"has-luminous-vivid-amber-color has-text-color\"><strong>GALER\u00cdA DE FOTOS<\/strong><\/p>\n\n\n\n<figure class=\"wp-block-gallery has-nested-images columns-4 is-cropped wp-block-gallery-1 is-layout-flex wp-block-gallery-is-layout-flex\">\n<figure class=\"wp-block-image size-large\"><a href=\"http:\/\/glampinglapalma.es\/wp-content\/uploads\/2022\/08\/2a08bdc0-d362-48f6-b8f2-319b99ebb589.jpg\"><img loading=\"lazy\" decoding=\"async\" width=\"992\" height=\"1600\" data-id=\"781\" src=\"http:\/\/glampinglapalma.es\/wp-content\/uploads\/2022\/08\/2a08bdc0-d362-48f6-b8f2-319b99ebb589.jpg\" alt=\"\" class=\"wp-image-781\" srcset=\"http:\/\/glampinglapalma.es\/wp-content\/uploads\/2022\/08\/2a08bdc0-d362-48f6-b8f2-319b99ebb589.jpg 992w, http:\/\/glampinglapalma.es\/wp-content\/uploads\/2022\/08\/2a08bdc0-d362-48f6-b8f2-319b99ebb589-186x300.jpg 186w, http:\/\/glampinglapalma.es\/wp-content\/uploads\/2022\/08\/2a08bdc0-d362-48f6-b8f2-319b99ebb589-635x1024.jpg 635w, http:\/\/glampinglapalma.es\/wp-content\/uploads\/2022\/08\/2a08bdc0-d362-48f6-b8f2-319b99ebb589-768x1239.jpg 768w, http:\/\/glampinglapalma.es\/wp-content\/uploads\/2022\/08\/2a08bdc0-d362-48f6-b8f2-319b99ebb589-952x1536.jpg 952w, http:\/\/glampinglapalma.es\/wp-content\/uploads\/2022\/08\/2a08bdc0-d362-48f6-b8f2-319b99ebb589-7x12.jpg 7w\" sizes=\"auto, (max-width: 767px) 89vw, (max-width: 1000px) 54vw, (max-width: 1071px) 543px, 580px\" \/><\/a><\/figure>\n\n\n\n<figure class=\"wp-block-image size-full\"><a href=\"https:\/\/glampinglapalma.es\/wp-content\/uploads\/2024\/01\/c7c54168-89f9-42ae-9d4b-1dcf12c26f04-1.jpg\"><img loading=\"lazy\" decoding=\"async\" width=\"768\" height=\"1024\" data-id=\"1068\" src=\"https:\/\/glampinglapalma.es\/wp-content\/uploads\/2024\/01\/c7c54168-89f9-42ae-9d4b-1dcf12c26f04-1.jpg\" alt=\"\" class=\"wp-image-1068\" srcset=\"http:\/\/glampinglapalma.es\/wp-content\/uploads\/2024\/01\/c7c54168-89f9-42ae-9d4b-1dcf12c26f04-1.jpg 768w, http:\/\/glampinglapalma.es\/wp-content\/uploads\/2024\/01\/c7c54168-89f9-42ae-9d4b-1dcf12c26f04-1-225x300.jpg 225w, http:\/\/glampinglapalma.es\/wp-content\/uploads\/2024\/01\/c7c54168-89f9-42ae-9d4b-1dcf12c26f04-1-9x12.jpg 9w\" sizes=\"auto, (max-width: 767px) 89vw, (max-width: 1000px) 54vw, (max-width: 1071px) 543px, 580px\" \/><\/a><\/figure>\n\n\n\n<figure class=\"wp-block-image size-large is-style-default\"><a href=\"http:\/\/glampinglapalma.es\/wp-content\/uploads\/2022\/08\/IMG_20220814_172603-scaled.jpg\"><img loading=\"lazy\" decoding=\"async\" width=\"1443\" height=\"2560\" data-id=\"879\" src=\"http:\/\/glampinglapalma.es\/wp-content\/uploads\/2022\/08\/IMG_20220814_172603-scaled.jpg\" alt=\"\" class=\"wp-image-879\" srcset=\"http:\/\/glampinglapalma.es\/wp-content\/uploads\/2022\/08\/IMG_20220814_172603-scaled.jpg 1443w, http:\/\/glampinglapalma.es\/wp-content\/uploads\/2022\/08\/IMG_20220814_172603-169x300.jpg 169w, http:\/\/glampinglapalma.es\/wp-content\/uploads\/2022\/08\/IMG_20220814_172603-577x1024.jpg 577w, http:\/\/glampinglapalma.es\/wp-content\/uploads\/2022\/08\/IMG_20220814_172603-768x1362.jpg 768w, http:\/\/glampinglapalma.es\/wp-content\/uploads\/2022\/08\/IMG_20220814_172603-866x1536.jpg 866w, http:\/\/glampinglapalma.es\/wp-content\/uploads\/2022\/08\/IMG_20220814_172603-1155x2048.jpg 1155w, http:\/\/glampinglapalma.es\/wp-content\/uploads\/2022\/08\/IMG_20220814_172603-7x12.jpg 7w\" sizes=\"auto, (max-width: 767px) 89vw, (max-width: 1000px) 54vw, (max-width: 1071px) 543px, 580px\" \/><\/a><\/figure>\n\n\n\n<figure class=\"wp-block-image size-large\"><a href=\"http:\/\/glampinglapalma.es\/wp-content\/uploads\/2022\/08\/575f22b8-0c1e-4444-85d9-3940549d41f1.jpg\"><img loading=\"lazy\" decoding=\"async\" width=\"901\" height=\"1600\" data-id=\"784\" src=\"http:\/\/glampinglapalma.es\/wp-content\/uploads\/2022\/08\/575f22b8-0c1e-4444-85d9-3940549d41f1.jpg\" alt=\"\" class=\"wp-image-784\" srcset=\"http:\/\/glampinglapalma.es\/wp-content\/uploads\/2022\/08\/575f22b8-0c1e-4444-85d9-3940549d41f1.jpg 901w, http:\/\/glampinglapalma.es\/wp-content\/uploads\/2022\/08\/575f22b8-0c1e-4444-85d9-3940549d41f1-169x300.jpg 169w, http:\/\/glampinglapalma.es\/wp-content\/uploads\/2022\/08\/575f22b8-0c1e-4444-85d9-3940549d41f1-577x1024.jpg 577w, http:\/\/glampinglapalma.es\/wp-content\/uploads\/2022\/08\/575f22b8-0c1e-4444-85d9-3940549d41f1-768x1364.jpg 768w, http:\/\/glampinglapalma.es\/wp-content\/uploads\/2022\/08\/575f22b8-0c1e-4444-85d9-3940549d41f1-865x1536.jpg 865w, http:\/\/glampinglapalma.es\/wp-content\/uploads\/2022\/08\/575f22b8-0c1e-4444-85d9-3940549d41f1-7x12.jpg 7w\" sizes=\"auto, (max-width: 767px) 89vw, (max-width: 1000px) 54vw, (max-width: 1071px) 543px, 580px\" \/><\/a><\/figure>\n\n\n\n<figure class=\"wp-block-image size-large\"><a href=\"http:\/\/glampinglapalma.es\/wp-content\/uploads\/2022\/08\/387967f1-3fda-4cfb-9ae6-fe16957f88b6.jpg\"><img loading=\"lazy\" decoding=\"async\" width=\"899\" height=\"1600\" data-id=\"785\" src=\"http:\/\/glampinglapalma.es\/wp-content\/uploads\/2022\/08\/387967f1-3fda-4cfb-9ae6-fe16957f88b6.jpg\" alt=\"\" class=\"wp-image-785\" srcset=\"http:\/\/glampinglapalma.es\/wp-content\/uploads\/2022\/08\/387967f1-3fda-4cfb-9ae6-fe16957f88b6.jpg 899w, http:\/\/glampinglapalma.es\/wp-content\/uploads\/2022\/08\/387967f1-3fda-4cfb-9ae6-fe16957f88b6-169x300.jpg 169w, http:\/\/glampinglapalma.es\/wp-content\/uploads\/2022\/08\/387967f1-3fda-4cfb-9ae6-fe16957f88b6-575x1024.jpg 575w, http:\/\/glampinglapalma.es\/wp-content\/uploads\/2022\/08\/387967f1-3fda-4cfb-9ae6-fe16957f88b6-768x1367.jpg 768w, http:\/\/glampinglapalma.es\/wp-content\/uploads\/2022\/08\/387967f1-3fda-4cfb-9ae6-fe16957f88b6-863x1536.jpg 863w, http:\/\/glampinglapalma.es\/wp-content\/uploads\/2022\/08\/387967f1-3fda-4cfb-9ae6-fe16957f88b6-7x12.jpg 7w\" sizes=\"auto, (max-width: 767px) 89vw, (max-width: 1000px) 54vw, (max-width: 1071px) 543px, 580px\" \/><\/a><\/figure>\n\n\n\n<figure class=\"wp-block-image size-large is-style-default\"><a href=\"http:\/\/glampinglapalma.es\/wp-content\/uploads\/2023\/09\/87c14f9c-2730-403b-851a-53c63700719a.jpg\"><img loading=\"lazy\" decoding=\"async\" width=\"575\" height=\"1024\" data-id=\"964\" src=\"http:\/\/glampinglapalma.es\/wp-content\/uploads\/2023\/09\/87c14f9c-2730-403b-851a-53c63700719a-575x1024.jpg\" alt=\"\" class=\"wp-image-964\" srcset=\"http:\/\/glampinglapalma.es\/wp-content\/uploads\/2023\/09\/87c14f9c-2730-403b-851a-53c63700719a-575x1024.jpg 575w, http:\/\/glampinglapalma.es\/wp-content\/uploads\/2023\/09\/87c14f9c-2730-403b-851a-53c63700719a-169x300.jpg 169w, http:\/\/glampinglapalma.es\/wp-content\/uploads\/2023\/09\/87c14f9c-2730-403b-851a-53c63700719a-768x1367.jpg 768w, http:\/\/glampinglapalma.es\/wp-content\/uploads\/2023\/09\/87c14f9c-2730-403b-851a-53c63700719a-863x1536.jpg 863w, http:\/\/glampinglapalma.es\/wp-content\/uploads\/2023\/09\/87c14f9c-2730-403b-851a-53c63700719a-7x12.jpg 7w, http:\/\/glampinglapalma.es\/wp-content\/uploads\/2023\/09\/87c14f9c-2730-403b-851a-53c63700719a.jpg 899w\" sizes=\"auto, (max-width: 575px) 100vw, 575px\" \/><\/a><\/figure>\n\n\n\n<figure class=\"wp-block-image size-large is-style-default\"><a href=\"http:\/\/glampinglapalma.es\/wp-content\/uploads\/2022\/08\/IMG_20220814_173248-scaled.jpg\"><img loading=\"lazy\" decoding=\"async\" width=\"1439\" height=\"2560\" data-id=\"877\" src=\"http:\/\/glampinglapalma.es\/wp-content\/uploads\/2022\/08\/IMG_20220814_173248-scaled.jpg\" alt=\"\" class=\"wp-image-877\" srcset=\"http:\/\/glampinglapalma.es\/wp-content\/uploads\/2022\/08\/IMG_20220814_173248-scaled.jpg 1439w, http:\/\/glampinglapalma.es\/wp-content\/uploads\/2022\/08\/IMG_20220814_173248-169x300.jpg 169w, http:\/\/glampinglapalma.es\/wp-content\/uploads\/2022\/08\/IMG_20220814_173248-576x1024.jpg 576w, http:\/\/glampinglapalma.es\/wp-content\/uploads\/2022\/08\/IMG_20220814_173248-768x1366.jpg 768w, http:\/\/glampinglapalma.es\/wp-content\/uploads\/2022\/08\/IMG_20220814_173248-864x1536.jpg 864w, http:\/\/glampinglapalma.es\/wp-content\/uploads\/2022\/08\/IMG_20220814_173248-1152x2048.jpg 1152w, http:\/\/glampinglapalma.es\/wp-content\/uploads\/2022\/08\/IMG_20220814_173248-7x12.jpg 7w\" sizes=\"auto, (max-width: 767px) 89vw, (max-width: 1000px) 54vw, (max-width: 1071px) 543px, 580px\" \/><\/a><\/figure>\n<\/figure>\n<\/div>\n\n\n\n<div class=\"wp-block-column is-layout-flow wp-block-column-is-layout-flow\">\n<figure class=\"wp-block-image size-full is-resized\"><img loading=\"lazy\" decoding=\"async\" width=\"800\" height=\"2000\" src=\"http:\/\/glampinglapalma.es\/wp-content\/uploads\/2022\/08\/GuiaVan.png\" alt=\"\" class=\"wp-image-811\" style=\"width:324px;height:auto\" srcset=\"http:\/\/glampinglapalma.es\/wp-content\/uploads\/2022\/08\/GuiaVan.png 800w, http:\/\/glampinglapalma.es\/wp-content\/uploads\/2022\/08\/GuiaVan-120x300.png 120w, http:\/\/glampinglapalma.es\/wp-content\/uploads\/2022\/08\/GuiaVan-410x1024.png 410w, http:\/\/glampinglapalma.es\/wp-content\/uploads\/2022\/08\/GuiaVan-768x1920.png 768w, http:\/\/glampinglapalma.es\/wp-content\/uploads\/2022\/08\/GuiaVan-614x1536.png 614w, http:\/\/glampinglapalma.es\/wp-content\/uploads\/2022\/08\/GuiaVan-5x12.png 5w\" sizes=\"auto, (max-width: 767px) 89vw, (max-width: 1000px) 54vw, (max-width: 1071px) 543px, 580px\" \/><\/figure>\n\n\n\n<div class=\"wp-block-buttons is-content-justification-center is-layout-flex wp-container-core-buttons-is-layout-16018d1d wp-block-buttons-is-layout-flex\">\n<div class=\"wp-block-button has-custom-font-size\" style=\"font-size:16px\"><a class=\"wp-block-button__link has-white-color has-luminous-vivid-amber-background-color has-text-color has-background wp-element-button\" href=\"http:\/\/glampinglapalma.es\/en\/reservar-glamping-van\/\">RESERVAR GLAMPING VAN<\/a><\/div>\n<\/div>\n<\/div>\n<\/div>\n\n\n\n<p><\/p>","protected":false},"excerpt":{"rendered":"<p>EQUIPAMIENTO Peugeot Boxer 2.2 I L2 H2 con cocina completa, fregadero, cocina gas port\u00e1til, nevera, cama de 130&#215;180, s\u00e1banas, toallas, WC port\u00e1til, ducha exterior con agua caliente. Placa solar, tomas de enchufe a 220V, tomas de USB, luces led, TV y Wifi. Adem\u00e1s nuestra Van cuenta con kit exterior ( mesa, sillas, sombrilla) y kit &hellip; <\/p>\n<p class=\"link-more\"><a href=\"http:\/\/glampinglapalma.es\/en\/glamping-van-detalle\/\" class=\"more-link\">Continue reading<span class=\"screen-reader-text\"> \u00abGLAMPING VAN\u00bb<\/span><\/a><\/p>","protected":false},"author":1,"featured_media":829,"parent":0,"menu_order":0,"comment_status":"closed","ping_status":"closed","template":"","meta":{"footnotes":""},"class_list":["post-839","page","type-page","status-publish","has-post-thumbnail","hentry"],"_links":{"self":[{"href":"http:\/\/glampinglapalma.es\/en\/wp-json\/wp\/v2\/pages\/839","targetHints":{"allow":["GET"]}}],"collection":[{"href":"http:\/\/glampinglapalma.es\/en\/wp-json\/wp\/v2\/pages"}],"about":[{"href":"http:\/\/glampinglapalma.es\/en\/wp-json\/wp\/v2\/types\/page"}],"author":[{"embeddable":true,"href":"http:\/\/glampinglapalma.es\/en\/wp-json\/wp\/v2\/users\/1"}],"replies":[{"embeddable":true,"href":"http:\/\/glampinglapalma.es\/en\/wp-json\/wp\/v2\/comments?post=839"}],"version-history":[{"count":26,"href":"http:\/\/glampinglapalma.es\/en\/wp-json\/wp\/v2\/pages\/839\/revisions"}],"predecessor-version":[{"id":1069,"href":"http:\/\/glampinglapalma.es\/en\/wp-json\/wp\/v2\/pages\/839\/revisions\/1069"}],"wp:featuredmedia":[{"embeddable":true,"href":"http:\/\/glampinglapalma.es\/en\/wp-json\/wp\/v2\/media\/829"}],"wp:attachment":[{"href":"http:\/\/glampinglapalma.es\/en\/wp-json\/wp\/v2\/media?parent=839"}],"curies":[{"name":"wp","href":"https:\/\/api.w.org\/{rel}","templated":true}]}}