{"id":302,"date":"2020-06-15T21:25:15","date_gmt":"2020-06-15T21:25:15","guid":{"rendered":"http:\/\/glampinglapalma.com\/?page_id=302"},"modified":"2024-01-03T13:14:00","modified_gmt":"2024-01-03T13:14:00","slug":"domo-casa-sani","status":"publish","type":"page","link":"http:\/\/glampinglapalma.es\/en\/domo-casa-sani\/","title":{"rendered":"Glamping Experience"},"content":{"rendered":"<p>Disfruta de la experiencia de dormir y despertar en un <strong>domo geod\u00e9sico<\/strong>. Con un frontal y techo  panor\u00e1mico para la observaci\u00f3n de estrellas e intensos amaneceres.<\/p>\n\n\n\n<p>Dispone de un espacio habitacional para 2 personas,<strong> ba\u00f1o exterior<\/strong> completamente equipado, un peque\u00f1o<strong> office <\/strong>para desayuno, <strong>terraza, jard\u00edn<\/strong> y <strong>jacuzzi exterior<\/strong>. <\/p>\n\n\n\n<figure class=\"wp-block-gallery has-nested-images columns-3 is-cropped wp-block-gallery-1 is-layout-flex wp-block-gallery-is-layout-flex\">\n<figure class=\"wp-block-image\"><a href=\"http:\/\/glampinglapalma.es\/wp-content\/uploads\/2021\/02\/WhatsApp-Image-2021-02-05-at-12.50.48.jpeg\"><img loading=\"lazy\" decoding=\"async\" width=\"1024\" height=\"576\" data-id=\"689\" src=\"http:\/\/casasani.com\/wp-content\/uploads\/2021\/02\/WhatsApp-Image-2021-02-05-at-12.50.48-1024x576.jpeg\" alt=\"\" class=\"wp-image-689\" srcset=\"http:\/\/glampinglapalma.es\/wp-content\/uploads\/2021\/02\/WhatsApp-Image-2021-02-05-at-12.50.48-1024x576.jpeg 1024w, http:\/\/glampinglapalma.es\/wp-content\/uploads\/2021\/02\/WhatsApp-Image-2021-02-05-at-12.50.48-300x169.jpeg 300w, http:\/\/glampinglapalma.es\/wp-content\/uploads\/2021\/02\/WhatsApp-Image-2021-02-05-at-12.50.48-768x432.jpeg 768w, http:\/\/glampinglapalma.es\/wp-content\/uploads\/2021\/02\/WhatsApp-Image-2021-02-05-at-12.50.48-1536x864.jpeg 1536w, http:\/\/glampinglapalma.es\/wp-content\/uploads\/2021\/02\/WhatsApp-Image-2021-02-05-at-12.50.48.jpeg 1600w\" sizes=\"auto, (max-width: 767px) 89vw, (max-width: 1000px) 54vw, (max-width: 1071px) 543px, 580px\" \/><\/a><\/figure>\n\n\n\n<figure class=\"wp-block-image\"><a href=\"http:\/\/glampinglapalma.es\/wp-content\/uploads\/2020\/06\/ADL1812b-scaled.jpg\"><img loading=\"lazy\" decoding=\"async\" width=\"1024\" height=\"683\" data-id=\"572\" src=\"http:\/\/casasani.com\/wp-content\/uploads\/2020\/06\/ADL1812b-1024x683.jpg\" alt=\"V\u00eda L\u00e1ctea\" class=\"wp-image-572\" srcset=\"http:\/\/glampinglapalma.es\/wp-content\/uploads\/2020\/06\/ADL1812b-1024x683.jpg 1024w, http:\/\/glampinglapalma.es\/wp-content\/uploads\/2020\/06\/ADL1812b-300x200.jpg 300w, http:\/\/glampinglapalma.es\/wp-content\/uploads\/2020\/06\/ADL1812b-768x512.jpg 768w, http:\/\/glampinglapalma.es\/wp-content\/uploads\/2020\/06\/ADL1812b-1536x1024.jpg 1536w, http:\/\/glampinglapalma.es\/wp-content\/uploads\/2020\/06\/ADL1812b-2048x1365.jpg 2048w\" sizes=\"auto, (max-width: 767px) 89vw, (max-width: 1000px) 54vw, (max-width: 1071px) 543px, 580px\" \/><\/a><\/figure>\n\n\n\n<figure class=\"wp-block-image\"><a href=\"http:\/\/glampinglapalma.es\/wp-content\/uploads\/2020\/06\/ADL1798b-1-scaled.jpg\"><img loading=\"lazy\" decoding=\"async\" width=\"1024\" height=\"683\" data-id=\"576\" src=\"http:\/\/casasani.com\/wp-content\/uploads\/2020\/06\/ADL1798b-1-1024x683.jpg\" alt=\"Domo Siesta\" class=\"wp-image-576\" srcset=\"http:\/\/glampinglapalma.es\/wp-content\/uploads\/2020\/06\/ADL1798b-1-1024x683.jpg 1024w, http:\/\/glampinglapalma.es\/wp-content\/uploads\/2020\/06\/ADL1798b-1-300x200.jpg 300w, http:\/\/glampinglapalma.es\/wp-content\/uploads\/2020\/06\/ADL1798b-1-768x512.jpg 768w, http:\/\/glampinglapalma.es\/wp-content\/uploads\/2020\/06\/ADL1798b-1-1536x1024.jpg 1536w, http:\/\/glampinglapalma.es\/wp-content\/uploads\/2020\/06\/ADL1798b-1-2048x1365.jpg 2048w\" sizes=\"auto, (max-width: 767px) 89vw, (max-width: 1000px) 54vw, (max-width: 1071px) 543px, 580px\" \/><\/a><\/figure>\n\n\n\n<figure class=\"wp-block-image size-large\"><a href=\"http:\/\/glampinglapalma.es\/wp-content\/uploads\/2023\/09\/cf0e1ac5-a8f0-4913-b853-03fac92b2b26.jpg\"><img loading=\"lazy\" decoding=\"async\" width=\"819\" height=\"1024\" data-id=\"973\" src=\"http:\/\/glampinglapalma.es\/wp-content\/uploads\/2023\/09\/cf0e1ac5-a8f0-4913-b853-03fac92b2b26-819x1024.jpg\" alt=\"\" class=\"wp-image-973\" srcset=\"http:\/\/glampinglapalma.es\/wp-content\/uploads\/2023\/09\/cf0e1ac5-a8f0-4913-b853-03fac92b2b26-819x1024.jpg 819w, http:\/\/glampinglapalma.es\/wp-content\/uploads\/2023\/09\/cf0e1ac5-a8f0-4913-b853-03fac92b2b26-240x300.jpg 240w, http:\/\/glampinglapalma.es\/wp-content\/uploads\/2023\/09\/cf0e1ac5-a8f0-4913-b853-03fac92b2b26-768x960.jpg 768w, http:\/\/glampinglapalma.es\/wp-content\/uploads\/2023\/09\/cf0e1ac5-a8f0-4913-b853-03fac92b2b26-1229x1536.jpg 1229w, http:\/\/glampinglapalma.es\/wp-content\/uploads\/2023\/09\/cf0e1ac5-a8f0-4913-b853-03fac92b2b26-10x12.jpg 10w, http:\/\/glampinglapalma.es\/wp-content\/uploads\/2023\/09\/cf0e1ac5-a8f0-4913-b853-03fac92b2b26.jpg 1280w\" sizes=\"auto, (max-width: 767px) 89vw, (max-width: 1000px) 54vw, (max-width: 1071px) 543px, 580px\" \/><\/a><\/figure>\n\n\n\n<figure class=\"wp-block-image size-large\"><a href=\"http:\/\/glampinglapalma.es\/wp-content\/uploads\/2023\/09\/6d611eab-a1b8-43d3-9657-a3a07762c2f6.jpg\"><img loading=\"lazy\" decoding=\"async\" width=\"778\" height=\"1024\" data-id=\"969\" src=\"http:\/\/glampinglapalma.es\/wp-content\/uploads\/2023\/09\/6d611eab-a1b8-43d3-9657-a3a07762c2f6-778x1024.jpg\" alt=\"\" class=\"wp-image-969\" srcset=\"http:\/\/glampinglapalma.es\/wp-content\/uploads\/2023\/09\/6d611eab-a1b8-43d3-9657-a3a07762c2f6-778x1024.jpg 778w, http:\/\/glampinglapalma.es\/wp-content\/uploads\/2023\/09\/6d611eab-a1b8-43d3-9657-a3a07762c2f6-228x300.jpg 228w, http:\/\/glampinglapalma.es\/wp-content\/uploads\/2023\/09\/6d611eab-a1b8-43d3-9657-a3a07762c2f6-768x1011.jpg 768w, http:\/\/glampinglapalma.es\/wp-content\/uploads\/2023\/09\/6d611eab-a1b8-43d3-9657-a3a07762c2f6-1167x1536.jpg 1167w, http:\/\/glampinglapalma.es\/wp-content\/uploads\/2023\/09\/6d611eab-a1b8-43d3-9657-a3a07762c2f6-9x12.jpg 9w, http:\/\/glampinglapalma.es\/wp-content\/uploads\/2023\/09\/6d611eab-a1b8-43d3-9657-a3a07762c2f6.jpg 1216w\" sizes=\"auto, (max-width: 767px) 89vw, (max-width: 1000px) 54vw, (max-width: 1071px) 543px, 580px\" \/><\/a><\/figure>\n\n\n\n<figure class=\"wp-block-image size-large\"><a href=\"http:\/\/glampinglapalma.es\/wp-content\/uploads\/2020\/06\/SAVE_20200530_181831-scaled.jpg\"><img loading=\"lazy\" decoding=\"async\" width=\"1024\" height=\"755\" data-id=\"310\" src=\"http:\/\/casasani.com\/wp-content\/uploads\/2020\/06\/SAVE_20200530_181831-1024x755.jpg\" alt=\"Ba\u00f1o Exterior\" class=\"wp-image-310\" srcset=\"http:\/\/glampinglapalma.es\/wp-content\/uploads\/2020\/06\/SAVE_20200530_181831-1024x755.jpg 1024w, http:\/\/glampinglapalma.es\/wp-content\/uploads\/2020\/06\/SAVE_20200530_181831-300x221.jpg 300w, http:\/\/glampinglapalma.es\/wp-content\/uploads\/2020\/06\/SAVE_20200530_181831-768x566.jpg 768w, http:\/\/glampinglapalma.es\/wp-content\/uploads\/2020\/06\/SAVE_20200530_181831-1536x1132.jpg 1536w, http:\/\/glampinglapalma.es\/wp-content\/uploads\/2020\/06\/SAVE_20200530_181831-2048x1509.jpg 2048w\" sizes=\"auto, (max-width: 767px) 89vw, (max-width: 1000px) 54vw, (max-width: 1071px) 543px, 580px\" \/><\/a><\/figure>\n\n\n\n<figure class=\"wp-block-image size-full\"><a href=\"http:\/\/glampinglapalma.es\/wp-content\/uploads\/2023\/09\/ca349be0-b6d6-434d-a06e-3c1ac53e78b7.jpg\"><img loading=\"lazy\" decoding=\"async\" width=\"765\" height=\"1011\" data-id=\"977\" src=\"http:\/\/glampinglapalma.es\/wp-content\/uploads\/2023\/09\/ca349be0-b6d6-434d-a06e-3c1ac53e78b7.jpg\" alt=\"\" class=\"wp-image-977\" srcset=\"http:\/\/glampinglapalma.es\/wp-content\/uploads\/2023\/09\/ca349be0-b6d6-434d-a06e-3c1ac53e78b7.jpg 765w, http:\/\/glampinglapalma.es\/wp-content\/uploads\/2023\/09\/ca349be0-b6d6-434d-a06e-3c1ac53e78b7-227x300.jpg 227w, http:\/\/glampinglapalma.es\/wp-content\/uploads\/2023\/09\/ca349be0-b6d6-434d-a06e-3c1ac53e78b7-9x12.jpg 9w\" sizes=\"auto, (max-width: 706px) 89vw, (max-width: 767px) 82vw, 740px\" \/><\/a><\/figure>\n\n\n\n<figure class=\"wp-block-image size-large\"><a href=\"http:\/\/glampinglapalma.es\/wp-content\/uploads\/2023\/09\/e1c2fd09-6a81-4cd3-86f2-7309ec6ef1ac-1.jpg\"><img loading=\"lazy\" decoding=\"async\" width=\"1024\" height=\"768\" data-id=\"983\" src=\"http:\/\/glampinglapalma.es\/wp-content\/uploads\/2023\/09\/e1c2fd09-6a81-4cd3-86f2-7309ec6ef1ac-1-1024x768.jpg\" alt=\"\" class=\"wp-image-983\" srcset=\"http:\/\/glampinglapalma.es\/wp-content\/uploads\/2023\/09\/e1c2fd09-6a81-4cd3-86f2-7309ec6ef1ac-1-1024x768.jpg 1024w, http:\/\/glampinglapalma.es\/wp-content\/uploads\/2023\/09\/e1c2fd09-6a81-4cd3-86f2-7309ec6ef1ac-1-300x225.jpg 300w, http:\/\/glampinglapalma.es\/wp-content\/uploads\/2023\/09\/e1c2fd09-6a81-4cd3-86f2-7309ec6ef1ac-1-768x576.jpg 768w, http:\/\/glampinglapalma.es\/wp-content\/uploads\/2023\/09\/e1c2fd09-6a81-4cd3-86f2-7309ec6ef1ac-1-1536x1153.jpg 1536w, http:\/\/glampinglapalma.es\/wp-content\/uploads\/2023\/09\/e1c2fd09-6a81-4cd3-86f2-7309ec6ef1ac-1-16x12.jpg 16w, http:\/\/glampinglapalma.es\/wp-content\/uploads\/2023\/09\/e1c2fd09-6a81-4cd3-86f2-7309ec6ef1ac-1.jpg 1599w\" sizes=\"auto, (max-width: 767px) 89vw, (max-width: 1000px) 54vw, (max-width: 1071px) 543px, 580px\" \/><\/a><\/figure>\n\n\n\n<figure class=\"wp-block-image size-large\"><a href=\"http:\/\/glampinglapalma.es\/wp-content\/uploads\/2023\/09\/2c56403b-54d7-4966-a17f-ec1cfdad9bd8-1.jpg\"><img loading=\"lazy\" decoding=\"async\" width=\"632\" height=\"1024\" data-id=\"981\" src=\"http:\/\/glampinglapalma.es\/wp-content\/uploads\/2023\/09\/2c56403b-54d7-4966-a17f-ec1cfdad9bd8-1-632x1024.jpg\" alt=\"\" class=\"wp-image-981\" srcset=\"http:\/\/glampinglapalma.es\/wp-content\/uploads\/2023\/09\/2c56403b-54d7-4966-a17f-ec1cfdad9bd8-1-632x1024.jpg 632w, http:\/\/glampinglapalma.es\/wp-content\/uploads\/2023\/09\/2c56403b-54d7-4966-a17f-ec1cfdad9bd8-1-185x300.jpg 185w, http:\/\/glampinglapalma.es\/wp-content\/uploads\/2023\/09\/2c56403b-54d7-4966-a17f-ec1cfdad9bd8-1-768x1245.jpg 768w, http:\/\/glampinglapalma.es\/wp-content\/uploads\/2023\/09\/2c56403b-54d7-4966-a17f-ec1cfdad9bd8-1-948x1536.jpg 948w, http:\/\/glampinglapalma.es\/wp-content\/uploads\/2023\/09\/2c56403b-54d7-4966-a17f-ec1cfdad9bd8-1-7x12.jpg 7w, http:\/\/glampinglapalma.es\/wp-content\/uploads\/2023\/09\/2c56403b-54d7-4966-a17f-ec1cfdad9bd8-1.jpg 987w\" sizes=\"auto, (max-width: 632px) 100vw, 632px\" \/><\/a><\/figure>\n<\/figure>\n\n\n\n<h2 class=\"wp-block-heading\" style=\"font-size:26px\">Servicios<\/h2>\n\n\n\n<ul class=\"has-medium-font-size wp-block-list\">\n<li>Jacuzzi<\/li>\n\n\n\n<li>Wifi <\/li>\n\n\n\n<li>Aparcamiento gratuito<\/li>\n\n\n\n<li>Entrada independiente<\/li>\n\n\n\n<li>Cesta bienvenida\/desayuno<\/li>\n\n\n\n<li>Elementos b\u00e1sicos (ropa de cama, toallas, gel, champ\u00fa, etc&#8230;)<\/li>\n\n\n\n<li>Secador de pelo<\/li>\n\n\n\n<li>B\u00e1sicos cocina (caf\u00e9, az\u00facar, sal, infusiones)<\/li>\n\n\n\n<li>Cafetera, hervidor, tostadora y mininevera <\/li>\n\n\n\n<li>Extintor de incendios<\/li>\n\n\n\n<li>Detector humos<\/li>\n<\/ul>\n\n\n\n<div class=\"wp-block-columns is-layout-flex wp-container-core-columns-is-layout-9d6595d7 wp-block-columns-is-layout-flex\">\n<div class=\"wp-block-column is-layout-flow wp-block-column-is-layout-flow\">\n<div class=\"wp-block-buttons is-content-justification-center is-layout-flex wp-container-core-buttons-is-layout-16018d1d wp-block-buttons-is-layout-flex\">\n<div class=\"wp-block-button has-custom-font-size\" style=\"font-size:16px\"><a class=\"wp-block-button__link has-white-color has-luminous-vivid-amber-background-color has-text-color has-background wp-element-button\" href=\"http:\/\/glampinglapalma.es\/en\/reservar-glamping\/\">RESERVAR GLAMPING EXPERIENCE<\/a><\/div>\n<\/div>\n<\/div>\n\n\n\n<div class=\"wp-block-column is-layout-flow wp-block-column-is-layout-flow\">\n<div class=\"wp-block-buttons is-content-justification-center is-layout-flex wp-container-core-buttons-is-layout-16018d1d wp-block-buttons-is-layout-flex\">\n<div class=\"wp-block-button has-custom-font-size\" style=\"font-size:16px\"><a class=\"wp-block-button__link has-white-color has-luminous-vivid-amber-background-color has-text-color has-background wp-element-button\" href=\"http:\/\/glampinglapalma.es\/en\/2020\/07\/07\/regala-escapate-conmigo\/\">\u00abREGALAR BONO\u00bb EXPERIENCE<\/a><\/div>\n<\/div>\n<\/div>\n<\/div>","protected":false},"excerpt":{"rendered":"<p>Disfruta de la experiencia de dormir y despertar en un domo geod\u00e9sico. Con un frontal y techo panor\u00e1mico para la observaci\u00f3n de estrellas e intensos amaneceres. Dispone de un espacio habitacional para 2 personas, ba\u00f1o exterior completamente equipado, un peque\u00f1o office para desayuno, terraza, jard\u00edn y jacuzzi exterior. Servicios<\/p>","protected":false},"author":1,"featured_media":243,"parent":0,"menu_order":0,"comment_status":"closed","ping_status":"closed","template":"","meta":{"footnotes":""},"class_list":["post-302","page","type-page","status-publish","has-post-thumbnail","hentry"],"_links":{"self":[{"href":"http:\/\/glampinglapalma.es\/en\/wp-json\/wp\/v2\/pages\/302","targetHints":{"allow":["GET"]}}],"collection":[{"href":"http:\/\/glampinglapalma.es\/en\/wp-json\/wp\/v2\/pages"}],"about":[{"href":"http:\/\/glampinglapalma.es\/en\/wp-json\/wp\/v2\/types\/page"}],"author":[{"embeddable":true,"href":"http:\/\/glampinglapalma.es\/en\/wp-json\/wp\/v2\/users\/1"}],"replies":[{"embeddable":true,"href":"http:\/\/glampinglapalma.es\/en\/wp-json\/wp\/v2\/comments?post=302"}],"version-history":[{"count":53,"href":"http:\/\/glampinglapalma.es\/en\/wp-json\/wp\/v2\/pages\/302\/revisions"}],"predecessor-version":[{"id":1024,"href":"http:\/\/glampinglapalma.es\/en\/wp-json\/wp\/v2\/pages\/302\/revisions\/1024"}],"wp:featuredmedia":[{"embeddable":true,"href":"http:\/\/glampinglapalma.es\/en\/wp-json\/wp\/v2\/media\/243"}],"wp:attachment":[{"href":"http:\/\/glampinglapalma.es\/en\/wp-json\/wp\/v2\/media?parent=302"}],"curies":[{"name":"wp","href":"https:\/\/api.w.org\/{rel}","templated":true}]}}